{"id":528,"date":"2025-06-25T13:06:17","date_gmt":"2025-06-25T11:06:17","guid":{"rendered":"https:\/\/laurusmedia.de\/dev\/1000467\/?page_id=528"},"modified":"2025-09-25T15:12:57","modified_gmt":"2025-09-25T13:12:57","slug":"hausverwaltung","status":"publish","type":"page","link":"https:\/\/laurusmedia.de\/dev\/1000467\/hausverwaltung\/","title":{"rendered":"Hausverwaltung"},"content":{"rendered":"<div id='full_slider_1'  class='avia-fullwidth-slider main_color avia-shadow   avia-builder-el-0  el_before_av_section  avia-builder-el-first   container_wrap fullsize'  >\n<style type=\"text\/css\" data-created_by=\"avia_inline_auto\" id=\"style-css-av-mcbujav7-0dd5efcbd3f6ffad27230ce4598886f1\">\n@keyframes av_slideshow_img_scale_av-mcbujav7-0dd5efcbd3f6ffad27230ce4598886f1 {\n   0% { transform: scale(1.01); opacity: 1; }\n 100% { transform: scale(1.1); opacity: 1; }\n}\n.avia-slideshow.av-mcbujav7-0dd5efcbd3f6ffad27230ce4598886f1 .avia-slideshow-slide.next-active-slide img{\nanimation:av_slideshow_img_scale_av-mcbujav7-0dd5efcbd3f6ffad27230ce4598886f1 3s 1 ease-in-out;\ntransform:scale(1.1);\nopacity:1;\n}\n<\/style>\n<div  class='avia-slideshow av-mcbujav7-0dd5efcbd3f6ffad27230ce4598886f1 avia-slideshow-featured_large av_slideshow_full avia-fade-slider av-slideshow-ui av-control-minimal av-slideshow-manual av-loop-once av-loop-manual-endless av-default-height-applied   avia-slideshow-1' data-slideshow-options=\"{&quot;animation&quot;:&quot;fade&quot;,&quot;autoplay&quot;:false,&quot;loop_autoplay&quot;:&quot;once&quot;,&quot;interval&quot;:5,&quot;loop_manual&quot;:&quot;manual-endless&quot;,&quot;autoplay_stopper&quot;:false,&quot;noNavigation&quot;:false,&quot;bg_slider&quot;:false,&quot;keep_padding&quot;:false,&quot;hoverpause&quot;:false,&quot;show_slide_delay&quot;:0}\"  itemprop=\"image\" itemscope=\"itemscope\" itemtype=\"https:\/\/schema.org\/ImageObject\" ><ul class='avia-slideshow-inner ' style='padding-bottom: 42%;'><li  class='avia-slideshow-slide av-mcbujav7-0dd5efcbd3f6ffad27230ce4598886f1__0  av-single-slide slide-1 slide-odd'><div data-rel='slideshow-1' class='avia-slide-wrap '   ><img decoding=\"async\" fetchpriority=\"high\" class=\"wp-image-638 avia-img-lazy-loading-not-638\"  src=\"https:\/\/laurusmedia.de\/dev\/1000467\/wp-content\/uploads\/2025\/08\/hausverwaltung-slideb-1500x630.jpg\" width=\"1500\" height=\"630\" title='hausverwaltung-slideb' alt=''  itemprop=\"thumbnailUrl\" srcset=\"https:\/\/laurusmedia.de\/dev\/1000467\/wp-content\/uploads\/2025\/08\/hausverwaltung-slideb-1500x630.jpg 1500w, https:\/\/laurusmedia.de\/dev\/1000467\/wp-content\/uploads\/2025\/08\/hausverwaltung-slideb-300x125.jpg 300w\" sizes=\"(max-width: 1500px) 100vw, 1500px\" \/><\/div><\/li><\/ul><\/div><\/div>\n\n<style type=\"text\/css\" data-created_by=\"avia_inline_auto\" id=\"style-css-av-h3zk8-7de9981f8a38477c8d18e8e487b3704c\">\n.avia-section.av-h3zk8-7de9981f8a38477c8d18e8e487b3704c{\nbackground-color:#126eb4;\nbackground-image:unset;\n}\n<\/style>\n<div id='av_section_1'  class='avia-section av-h3zk8-7de9981f8a38477c8d18e8e487b3704c main_color avia-section-no-padding avia-no-border-styling  avia-builder-el-1  el_after_av_slideshow_full  el_before_av_section  avia-bg-style-scroll container_wrap fullsize'  ><div class='container av-section-cont-open' ><div class='template-page content  av-content-full alpha units'><div class='post-entry post-entry-type-page post-entry-528'><div class='entry-content-wrapper clearfix'>\n\n<style type=\"text\/css\" data-created_by=\"avia_inline_auto\" id=\"style-css-av-7r0e0-281b2fd0af1e146f03471cc40ec01368\">\n#top .flex_column.av-7r0e0-281b2fd0af1e146f03471cc40ec01368{\nmargin-top:0px;\nmargin-bottom:0px;\n}\n.flex_column.av-7r0e0-281b2fd0af1e146f03471cc40ec01368{\nborder-radius:0px 0px 0px 0px;\npadding:12px 0px 0px 0px;\nbackground-color:#126eb4;\n}\n.responsive #top #wrap_all .flex_column.av-7r0e0-281b2fd0af1e146f03471cc40ec01368{\nmargin-top:0px;\nmargin-bottom:0px;\n}\n<\/style>\n<div  class='flex_column av-7r0e0-281b2fd0af1e146f03471cc40ec01368 av_one_full  avia-builder-el-2  avia-builder-el-no-sibling  first no_margin flex_column_div av-animated-generic bottom-to-top  '     ><style type=\"text\/css\" data-created_by=\"avia_inline_auto\" id=\"style-css-av-mdd5ycb2-66f82a0ac47b8b0629b7ad482724eb73\">\n#top .av-special-heading.av-mdd5ycb2-66f82a0ac47b8b0629b7ad482724eb73{\nmargin:20px 0 0 0;\ncolor:#ffffff;\nfont-size:40px;\n}\nbody .av-special-heading.av-mdd5ycb2-66f82a0ac47b8b0629b7ad482724eb73 .av-special-heading-tag .heading-char{\nfont-size:25px;\n}\n#top #wrap_all .av-special-heading.av-mdd5ycb2-66f82a0ac47b8b0629b7ad482724eb73 .av-special-heading-tag{\nfont-size:40px;\n}\n.av-special-heading.av-mdd5ycb2-66f82a0ac47b8b0629b7ad482724eb73 .special-heading-inner-border{\nborder-color:#ffffff;\n}\n.av-special-heading.av-mdd5ycb2-66f82a0ac47b8b0629b7ad482724eb73 .av-subheading{\nfont-size:15px;\n}\n\n@media only screen and (min-width: 480px) and (max-width: 767px){ \n#top #wrap_all .av-special-heading.av-mdd5ycb2-66f82a0ac47b8b0629b7ad482724eb73 .av-special-heading-tag{\nfont-size:0.8em;\n}\n}\n\n@media only screen and (max-width: 479px){ \n#top #wrap_all .av-special-heading.av-mdd5ycb2-66f82a0ac47b8b0629b7ad482724eb73 .av-special-heading-tag{\nfont-size:0.8em;\n}\n}\n<\/style>\n<div  class='av-special-heading av-mdd5ycb2-66f82a0ac47b8b0629b7ad482724eb73 av-special-heading-h1 custom-color-heading blockquote modern-quote modern-centered  avia-builder-el-3  avia-builder-el-no-sibling  av-inherit-size'><h1 class='av-special-heading-tag'  itemprop=\"headline\"  >Hausverwaltung<\/h1><div class=\"special-heading-border\"><div class=\"special-heading-inner-border\"><\/div><\/div><\/div><\/div>\n\n<\/div><\/div><\/div><!-- close content main div --><\/div><\/div><div id='av_section_2'  class='avia-section av-1r1ef6-8e8787425634fc828b978ea921bad016 main_color avia-section-large avia-no-border-styling  avia-builder-el-4  el_after_av_section  avia-builder-el-last  avia-bg-style-scroll container_wrap fullsize'  ><div class='container av-section-cont-open' ><div class='template-page content  av-content-full alpha units'><div class='post-entry post-entry-type-page post-entry-528'><div class='entry-content-wrapper clearfix'>\n\n<style type=\"text\/css\" data-created_by=\"avia_inline_auto\" id=\"style-css-av-1ih7ii-2fcaec21db0aa310e2ee571087ad9136\">\n.flex_column.av-1ih7ii-2fcaec21db0aa310e2ee571087ad9136{\nborder-radius:0px 0px 0px 0px;\npadding:0px 0px 0px 0px;\n}\n<\/style>\n<div  class='flex_column av-1ih7ii-2fcaec21db0aa310e2ee571087ad9136 av_one_full  avia-builder-el-5  el_before_av_one_half  avia-builder-el-first  first flex_column_div av-animated-generic bottom-to-top av-zero-column-padding  '     ><p>\n<style type=\"text\/css\" data-created_by=\"avia_inline_auto\" id=\"style-css-av-1hkite-f3ee74d9571562405b652220f05e66a8\">\n#top .av-special-heading.av-1hkite-f3ee74d9571562405b652220f05e66a8{\npadding-bottom:10px;\n}\nbody .av-special-heading.av-1hkite-f3ee74d9571562405b652220f05e66a8 .av-special-heading-tag .heading-char{\nfont-size:25px;\n}\n.av-special-heading.av-1hkite-f3ee74d9571562405b652220f05e66a8 .av-subheading{\nfont-size:15px;\n}\n<\/style>\n<div  class='av-special-heading av-1hkite-f3ee74d9571562405b652220f05e66a8 av-special-heading-h3 blockquote modern-quote  avia-builder-el-6  el_before_av_textblock  avia-builder-el-first '><h3 class='av-special-heading-tag'  itemprop=\"headline\"  >Hausverwaltung<\/h3><div class=\"special-heading-border\"><div class=\"special-heading-inner-border\"><\/div><\/div><\/div><br \/>\n<section  class='av_textblock_section av-179sd6-2e4c36180758562fc97ceb551da859de '   itemscope=\"itemscope\" itemtype=\"https:\/\/schema.org\/CreativeWork\" ><div class='avia_textblock'  itemprop=\"text\" ><p style=\"text-align: left;\">Durch eine professionelle Betreuung Ihrer Immobilie setzen Sie den Grundstein f\u00fcr Werterhalt und Ertragssicherung.<br \/>\nWir legen gr\u00f6\u00dften Wert auf Kundenn\u00e4he und Erreichbarkeit. Auf eine Trennung zwischen technischer und kaufm\u00e4nnischer Verwaltung verzichten wir bewusst. Wir setzen auf umfassende Betreuung in allen Bereichen.<\/p>\n<\/div><\/section><\/p><\/div>\n<style type=\"text\/css\" data-created_by=\"avia_inline_auto\" id=\"style-css-av-11gxui-1cd76027dae1a412e717aea82047c819\">\n.flex_column.av-11gxui-1cd76027dae1a412e717aea82047c819{\nborder-radius:0px 0px 0px 0px;\npadding:0px 0px 0px 0px;\n}\n<\/style>\n<div  class='flex_column av-11gxui-1cd76027dae1a412e717aea82047c819 av_one_half  avia-builder-el-8  el_after_av_one_full  el_before_av_one_half  first flex_column_div av-animated-generic bottom-to-top av-zero-column-padding  column-top-margin'     ><p>\n<style type=\"text\/css\" data-created_by=\"avia_inline_auto\" id=\"style-css-av-ujr62-4e4bb638304e77bb354cc487293f6c0a\">\n#top .av-special-heading.av-ujr62-4e4bb638304e77bb354cc487293f6c0a{\npadding-bottom:10px;\n}\nbody .av-special-heading.av-ujr62-4e4bb638304e77bb354cc487293f6c0a .av-special-heading-tag .heading-char{\nfont-size:25px;\n}\n.av-special-heading.av-ujr62-4e4bb638304e77bb354cc487293f6c0a .av-subheading{\nfont-size:15px;\n}\n<\/style>\n<div  class='av-special-heading av-ujr62-4e4bb638304e77bb354cc487293f6c0a av-special-heading-h3 blockquote modern-quote  avia-builder-el-9  el_before_av_textblock  avia-builder-el-first '><h3 class='av-special-heading-tag'  itemprop=\"headline\"  >Leistungen<\/h3><div class=\"special-heading-border\"><div class=\"special-heading-inner-border\"><\/div><\/div><\/div><br \/>\n<section  class='av_textblock_section av-szn3u-9ab031841dc0b4570a8af19e94df82d5 '   itemscope=\"itemscope\" itemtype=\"https:\/\/schema.org\/CreativeWork\" ><div class='avia_textblock'  itemprop=\"text\" ><p>Unsere Hausverwaltung bietet vielf\u00e4ltige Dienstleistungen f\u00fcr Eigent\u00fcmergemeinschaften und Vermieter. Im Bereich WEG-Verwaltung k\u00fcmmern wir uns um die Organisation und Abrechnung der gemeinschaftlichen Kosten, die Durchf\u00fchrung von Eigent\u00fcmerversammlungen sowie die Verwaltung des gemeinschaftlichen Eigentums. Auch Wartung und Instandhaltung wird organisiert. Bei der Mietverwaltung \u00fcbernehmen wir die Vermietung, Mieterbetreuung, Mietabrechnung sowie das Mahnwesen.<\/p>\n<\/div><\/section><\/p><\/div>\n<style type=\"text\/css\" data-created_by=\"avia_inline_auto\" id=\"style-css-av-m1hzs-b7e5ec7b5d084ede32e866bf108b61b3\">\n.flex_column.av-m1hzs-b7e5ec7b5d084ede32e866bf108b61b3{\nborder-radius:0px 0px 0px 0px;\npadding:0px 0px 0px 0px;\n}\n<\/style>\n<div  class='flex_column av-m1hzs-b7e5ec7b5d084ede32e866bf108b61b3 av_one_half  avia-builder-el-11  el_after_av_one_half  avia-builder-el-last  flex_column_div av-animated-generic bottom-to-top av-zero-column-padding  column-top-margin'     ><p>\n<style type=\"text\/css\" data-created_by=\"avia_inline_auto\" id=\"style-css-av-dorls-f152de54bd1e5ac0c15963161494dfd5\">\n#top .av-special-heading.av-dorls-f152de54bd1e5ac0c15963161494dfd5{\npadding-bottom:10px;\n}\nbody .av-special-heading.av-dorls-f152de54bd1e5ac0c15963161494dfd5 .av-special-heading-tag .heading-char{\nfont-size:25px;\n}\n.av-special-heading.av-dorls-f152de54bd1e5ac0c15963161494dfd5 .av-subheading{\nfont-size:15px;\n}\n<\/style>\n<div  class='av-special-heading av-dorls-f152de54bd1e5ac0c15963161494dfd5 av-special-heading-h3 blockquote modern-quote  avia-builder-el-12  el_before_av_textblock  avia-builder-el-first '><h3 class='av-special-heading-tag'  itemprop=\"headline\"  >Interessiert?<\/h3><div class=\"special-heading-border\"><div class=\"special-heading-inner-border\"><\/div><\/div><\/div><br \/>\n<section  class='av_textblock_section av-9mkhk-cb2bb4235fa3151deae92301af31d33a '   itemscope=\"itemscope\" itemtype=\"https:\/\/schema.org\/CreativeWork\" ><div class='avia_textblock'  itemprop=\"text\" ><p>Wenn Sie als Beirat, Eigent\u00fcmer oder Vermietereiner WEG in Augsburg, Leipzig oder der jeweiligen Umgebung nach einer neuen Verwaltung suchen, sollten Sie unbedingt mit uns sprechen. Senden Sie uns eine Mail mit den wesentlichen Daten Ihrer Wohnanlage oder rufen Sie uns einfach an. Unsere Kontaktdaten finden Sie <a href=\"https:\/\/laurusmedia.de\/dev\/1000467\/standorte\/\">hier<\/a>.<\/p>\n<\/div><\/section><\/p><\/div>\n","protected":false},"excerpt":{"rendered":"","protected":false},"author":1,"featured_media":0,"parent":0,"menu_order":0,"comment_status":"open","ping_status":"open","template":"","meta":{"footnotes":""},"class_list":["post-528","page","type-page","status-publish","hentry"],"_links":{"self":[{"href":"https:\/\/laurusmedia.de\/dev\/1000467\/wp-json\/wp\/v2\/pages\/528","targetHints":{"allow":["GET"]}}],"collection":[{"href":"https:\/\/laurusmedia.de\/dev\/1000467\/wp-json\/wp\/v2\/pages"}],"about":[{"href":"https:\/\/laurusmedia.de\/dev\/1000467\/wp-json\/wp\/v2\/types\/page"}],"author":[{"embeddable":true,"href":"https:\/\/laurusmedia.de\/dev\/1000467\/wp-json\/wp\/v2\/users\/1"}],"replies":[{"embeddable":true,"href":"https:\/\/laurusmedia.de\/dev\/1000467\/wp-json\/wp\/v2\/comments?post=528"}],"version-history":[{"count":17,"href":"https:\/\/laurusmedia.de\/dev\/1000467\/wp-json\/wp\/v2\/pages\/528\/revisions"}],"predecessor-version":[{"id":650,"href":"https:\/\/laurusmedia.de\/dev\/1000467\/wp-json\/wp\/v2\/pages\/528\/revisions\/650"}],"wp:attachment":[{"href":"https:\/\/laurusmedia.de\/dev\/1000467\/wp-json\/wp\/v2\/media?parent=528"}],"curies":[{"name":"wp","href":"https:\/\/api.w.org\/{rel}","templated":true}]}}